{"id":191,"date":"2017-03-09T09:20:45","date_gmt":"2017-03-09T08:20:45","guid":{"rendered":"http:\/\/bjkult.no\/?page_id=191"},"modified":"2025-03-26T15:08:19","modified_gmt":"2025-03-26T14:08:19","slug":"referater","status":"publish","type":"page","link":"https:\/\/bjkult.no\/?page_id=191","title":{"rendered":"Referater"},"content":{"rendered":"<p><a href=\"https:\/\/bjkult.no\/wp-content\/uploads\/2025\/03\/Arsmotereferat-2024.pdf\" target=\"_blank\" rel=\"noopener\">\u00c5rsm\u00f8tereferat 2024 Bj\u00f8rkmyr kulturforening (PDF)<\/a><br \/><a href=\"https:\/\/bjkult.no\/wp-content\/uploads\/2025\/03\/Arsmotereferat-2023.pdf\" target=\"_blank\" rel=\"noopener\">\u00c5rsm\u00f8tereferat 2023 Bj\u00f8rkmyr kulturforening (PDF)<\/a><br \/><a href=\"https:\/\/bjkult.no\/wp-content\/uploads\/2023\/04\/Arsmotereferat-2022.pdf\" target=\"_blank\" rel=\"noopener\">\u00c5rsm\u00f8tereferat 2022 Bj\u00f8rkmyr kulturforening (PDF)<\/a><br \/><a href=\"https:\/\/bjkult.no\/wp-content\/uploads\/2022\/04\/Arsmotereferat-2021.pdf\" target=\"_blank\" rel=\"noopener\">\u00c5rsm\u00f8tereferat 2021 Bj\u00f8rkmyr kulturforening (PDF)<\/a><br \/><a href=\"https:\/\/bjkult.no\/wp-content\/uploads\/2022\/01\/Arsmotereferat-2021-03-18.pdf\" target=\"_blank\" rel=\"noopener\">\u00c5rsm\u00f8tereferat 2020 Bj\u00f8rkmyr kulturforening (PDF)<\/a><br \/><a href=\"http:\/\/bjkult.no\/wp-content\/uploads\/2020\/04\/A\u030arsm\u00f8tereferat-2020-02-13.pdf\" target=\"_blank\" rel=\"noopener noreferrer\">A\u030arsm\u00f8tereferat 2019 Bj\u00f8rkmyr kulturforening (PDF)<\/a><br \/><a href=\"http:\/\/bjkult.no\/wp-content\/uploads\/2019\/06\/A\u030arsm\u00f8tereferat-2019-02-21_Underskrevet.pdf\" target=\"_blank\" rel=\"noopener noreferrer\">A\u030arsm\u00f8tereferat 2018 Bj\u00f8rkmyr kulturforening (PDF)<\/a><br \/><a href=\"http:\/\/bjkult.no\/wp-content\/uploads\/2018\/04\/A\u030arsm\u00f8tereferat-2018-02-22_Signert.pdf\" target=\"_blank\" rel=\"noopener noreferrer\">A\u030arsm\u00f8tereferat 2017 Bj\u00f8rkmyr kulturforening (PDF)<\/a><br \/><a href=\"http:\/\/bjkult.no\/wp-content\/uploads\/2017\/03\/A\u030arsm\u00f8tereferat-2016-Bj\u00f8rkmyr-kulturforening.pdf\" target=\"_blank\" rel=\"noopener noreferrer\">A\u030arsm\u00f8tereferat 2016 Bj\u00f8rkmyr kulturforening (PDF)<\/a><\/p>\n\n\n<p><\/p>\n","protected":false},"excerpt":{"rendered":"<p>\u00c5rsm\u00f8tereferat 2024 Bj\u00f8rkmyr kulturforening (PDF)\u00c5rsm\u00f8tereferat 2023 Bj\u00f8rkmyr kulturforening (PDF)\u00c5rsm\u00f8tereferat 2022 Bj\u00f8rkmyr kulturforening (PDF)\u00c5rsm\u00f8tereferat 2021 Bj\u00f8rkmyr kulturforening (PDF)\u00c5rsm\u00f8tereferat 2020 Bj\u00f8rkmyr kulturforening (PDF)A\u030arsm\u00f8tereferat 2019 Bj\u00f8rkmyr kulturforening (PDF)A\u030arsm\u00f8tereferat 2018 Bj\u00f8rkmyr kulturforening (PDF)A\u030arsm\u00f8tereferat 2017 Bj\u00f8rkmyr kulturforening (PDF)A\u030arsm\u00f8tereferat 2016 Bj\u00f8rkmyr kulturforening (PDF)<\/p>\n","protected":false},"author":1,"featured_media":0,"parent":23,"menu_order":2,"comment_status":"closed","ping_status":"closed","template":"","meta":{"footnotes":""},"class_list":["post-191","page","type-page","status-publish","hentry"],"_links":{"self":[{"href":"https:\/\/bjkult.no\/index.php?rest_route=\/wp\/v2\/pages\/191","targetHints":{"allow":["GET"]}}],"collection":[{"href":"https:\/\/bjkult.no\/index.php?rest_route=\/wp\/v2\/pages"}],"about":[{"href":"https:\/\/bjkult.no\/index.php?rest_route=\/wp\/v2\/types\/page"}],"author":[{"embeddable":true,"href":"https:\/\/bjkult.no\/index.php?rest_route=\/wp\/v2\/users\/1"}],"replies":[{"embeddable":true,"href":"https:\/\/bjkult.no\/index.php?rest_route=%2Fwp%2Fv2%2Fcomments&post=191"}],"version-history":[{"count":12,"href":"https:\/\/bjkult.no\/index.php?rest_route=\/wp\/v2\/pages\/191\/revisions"}],"predecessor-version":[{"id":642,"href":"https:\/\/bjkult.no\/index.php?rest_route=\/wp\/v2\/pages\/191\/revisions\/642"}],"up":[{"embeddable":true,"href":"https:\/\/bjkult.no\/index.php?rest_route=\/wp\/v2\/pages\/23"}],"wp:attachment":[{"href":"https:\/\/bjkult.no\/index.php?rest_route=%2Fwp%2Fv2%2Fmedia&parent=191"}],"curies":[{"name":"wp","href":"https:\/\/api.w.org\/{rel}","templated":true}]}}