{"id":210,"date":"2017-03-11T11:38:03","date_gmt":"2017-03-11T10:38:03","guid":{"rendered":"http:\/\/bjkult.no\/?page_id=210"},"modified":"2017-03-11T11:45:41","modified_gmt":"2017-03-11T10:45:41","slug":"bli-medlem","status":"publish","type":"page","link":"https:\/\/bjkult.no\/?page_id=210","title":{"rendered":"Bli medlem!"},"content":{"rendered":"<p>Som medlem er du med \u00e5 st\u00f8tte arbeidet vi gj\u00f8r for \u00e5 skape et kulturtilbud i n\u00e6romr\u00e5det. Som medlem f\u00e5r du ogs\u00e5 tidlig varsling om kommende arrangementer.<\/p>\n<p>Medlemskontingent: Kr. 100,- \u00e5rlig.<br \/>\nKontingenten kan betales til konto: 4202.33.45654<br \/>\nHusk \u00e5 merke innbetalingen med &laquo;\u00c5rskontingent&raquo; og ditt navn. Skriv helst ogs\u00e5 e-post adressen, slik at vi kan varsle deg om kommende arrangementer.<br \/>\nVed \u00e5 betale kontingenten, blir du automatisk registrert som medlem.<\/p>\n","protected":false},"excerpt":{"rendered":"<p>Som medlem er du med \u00e5 st\u00f8tte arbeidet vi gj\u00f8r for \u00e5 skape et kulturtilbud i n\u00e6romr\u00e5det. Som medlem f\u00e5r du ogs\u00e5 tidlig varsling om kommende arrangementer. Medlemskontingent: Kr. 100,- \u00e5rlig. Kontingenten kan betales til konto: 4202.33.45654 Husk \u00e5 merke &hellip; <a href=\"https:\/\/bjkult.no\/?page_id=210\">Continue reading <span class=\"meta-nav\">&rarr;<\/span><\/a><\/p>\n","protected":false},"author":1,"featured_media":0,"parent":0,"menu_order":4,"comment_status":"closed","ping_status":"closed","template":"","meta":{"footnotes":""},"class_list":["post-210","page","type-page","status-publish","hentry"],"_links":{"self":[{"href":"https:\/\/bjkult.no\/index.php?rest_route=\/wp\/v2\/pages\/210","targetHints":{"allow":["GET"]}}],"collection":[{"href":"https:\/\/bjkult.no\/index.php?rest_route=\/wp\/v2\/pages"}],"about":[{"href":"https:\/\/bjkult.no\/index.php?rest_route=\/wp\/v2\/types\/page"}],"author":[{"embeddable":true,"href":"https:\/\/bjkult.no\/index.php?rest_route=\/wp\/v2\/users\/1"}],"replies":[{"embeddable":true,"href":"https:\/\/bjkult.no\/index.php?rest_route=%2Fwp%2Fv2%2Fcomments&post=210"}],"version-history":[{"count":3,"href":"https:\/\/bjkult.no\/index.php?rest_route=\/wp\/v2\/pages\/210\/revisions"}],"predecessor-version":[{"id":215,"href":"https:\/\/bjkult.no\/index.php?rest_route=\/wp\/v2\/pages\/210\/revisions\/215"}],"wp:attachment":[{"href":"https:\/\/bjkult.no\/index.php?rest_route=%2Fwp%2Fv2%2Fmedia&parent=210"}],"curies":[{"name":"wp","href":"https:\/\/api.w.org\/{rel}","templated":true}]}}