{"id":58,"date":"2015-05-28T14:06:06","date_gmt":"2015-05-28T13:06:06","guid":{"rendered":"http:\/\/bjkult.no\/?page_id=58"},"modified":"2025-03-26T14:57:02","modified_gmt":"2025-03-26T13:57:02","slug":"styret","status":"publish","type":"page","link":"https:\/\/bjkult.no\/?page_id=58","title":{"rendered":"Styret"},"content":{"rendered":"<p>Styrets sammensetning, valgt p\u00e5 \u00e5rsm\u00f8te 9. mars 2023:<\/p>\n<ul>\n<li>Leder: Margrethe Stang<\/li>\n<li>Nestleder: Bente Bogen Wik (tlf 958 42 089)<\/li>\n<li>Kasserer: Svein Rune Wik (tlf 957 58 901)<\/li>\n<li>Styremedlem: Wenche Waagen (tlf 918 97 514)<\/li>\n<li>Styremedlem: Kjersti Alm\u00e5s<\/li>\n<li>Styremedlem: Kari Berg<\/li>\n<\/ul>\n<p>Kulturforeningen kan kontaktes enten ved \u00e5 ringe en av oss i styret, eller ved \u00e5 sende en e-post til <a href=\"mailto:post@bjkult.no\">post@bjkult.no<\/a>.<\/p>\n\n\n<p><\/p>\n","protected":false},"excerpt":{"rendered":"<p>Styrets sammensetning, valgt p\u00e5 \u00e5rsm\u00f8te 9. mars 2023: Leder: Margrethe Stang Nestleder: Bente Bogen Wik (tlf 958 42 089) Kasserer: Svein Rune Wik (tlf 957 58 901) Styremedlem: Wenche Waagen (tlf 918 97 514) Styremedlem: Kjersti Alm\u00e5s Styremedlem: Kari Berg &hellip; <a href=\"https:\/\/bjkult.no\/?page_id=58\">Continue reading <span class=\"meta-nav\">&rarr;<\/span><\/a><\/p>\n","protected":false},"author":1,"featured_media":0,"parent":23,"menu_order":0,"comment_status":"open","ping_status":"open","template":"","meta":{"footnotes":""},"class_list":["post-58","page","type-page","status-publish","hentry"],"_links":{"self":[{"href":"https:\/\/bjkult.no\/index.php?rest_route=\/wp\/v2\/pages\/58","targetHints":{"allow":["GET"]}}],"collection":[{"href":"https:\/\/bjkult.no\/index.php?rest_route=\/wp\/v2\/pages"}],"about":[{"href":"https:\/\/bjkult.no\/index.php?rest_route=\/wp\/v2\/types\/page"}],"author":[{"embeddable":true,"href":"https:\/\/bjkult.no\/index.php?rest_route=\/wp\/v2\/users\/1"}],"replies":[{"embeddable":true,"href":"https:\/\/bjkult.no\/index.php?rest_route=%2Fwp%2Fv2%2Fcomments&post=58"}],"version-history":[{"count":12,"href":"https:\/\/bjkult.no\/index.php?rest_route=\/wp\/v2\/pages\/58\/revisions"}],"predecessor-version":[{"id":636,"href":"https:\/\/bjkult.no\/index.php?rest_route=\/wp\/v2\/pages\/58\/revisions\/636"}],"up":[{"embeddable":true,"href":"https:\/\/bjkult.no\/index.php?rest_route=\/wp\/v2\/pages\/23"}],"wp:attachment":[{"href":"https:\/\/bjkult.no\/index.php?rest_route=%2Fwp%2Fv2%2Fmedia&parent=58"}],"curies":[{"name":"wp","href":"https:\/\/api.w.org\/{rel}","templated":true}]}}