{"id":8,"date":"2015-03-12T20:44:46","date_gmt":"2015-03-12T19:44:46","guid":{"rendered":"http:\/\/bjkult.no\/?page_id=8"},"modified":"2025-09-27T08:58:16","modified_gmt":"2025-09-27T07:58:16","slug":"bjorkmyrmartnan","status":"publish","type":"page","link":"https:\/\/bjkult.no\/?page_id=8","title":{"rendered":"Bj\u00f8rkmyrmartna&#8217;n"},"content":{"rendered":"\n<h1 class=\"wp-block-heading\">H\u00f8sten er her, og det er tid for Bj\u00f8rkmyrmartna&#8217;n!<\/h1>\n\n\n\n<p>Sett av helgen 18. og 19. oktober! Vi inviterer til den tradisjonsrike martna&#8217;n med husflid, lokalmat, aktiviteter, levende musikk og kaf\u00e9 med p\u00e5smurt og hjemmebakst i lange baner.<\/p>\n\n\n\n<figure class=\"wp-block-image size-large\"><a href=\"https:\/\/bjkult.no\/wp-content\/uploads\/2025\/09\/Plakat.png\"><img loading=\"lazy\" decoding=\"async\" width=\"724\" height=\"1024\" src=\"https:\/\/bjkult.no\/wp-content\/uploads\/2025\/09\/Plakat-724x1024.png\" alt=\"\" class=\"wp-image-652\" srcset=\"https:\/\/bjkult.no\/wp-content\/uploads\/2025\/09\/Plakat-724x1024.png 724w, https:\/\/bjkult.no\/wp-content\/uploads\/2025\/09\/Plakat-212x300.png 212w, https:\/\/bjkult.no\/wp-content\/uploads\/2025\/09\/Plakat-768x1086.png 768w, https:\/\/bjkult.no\/wp-content\/uploads\/2025\/09\/Plakat-1086x1536.png 1086w, https:\/\/bjkult.no\/wp-content\/uploads\/2025\/09\/Plakat-566x800.png 566w, https:\/\/bjkult.no\/wp-content\/uploads\/2025\/09\/Plakat.png 1190w\" sizes=\"auto, (max-width: 724px) 100vw, 724px\" \/><\/a><\/figure>\n\n\n\n<h2 class=\"wp-block-heading\"><strong>Her er \u00e5rets martnasbrosjyre:<\/strong><\/h2>\n\n\n\n<figure class=\"wp-block-image size-large\"><a href=\"https:\/\/bjkult.no\/wp-content\/uploads\/2025\/09\/Flyer-p1.png\"><img loading=\"lazy\" decoding=\"async\" width=\"727\" height=\"1024\" src=\"https:\/\/bjkult.no\/wp-content\/uploads\/2025\/09\/Flyer-p1-727x1024.png\" alt=\"\" class=\"wp-image-664\" srcset=\"https:\/\/bjkult.no\/wp-content\/uploads\/2025\/09\/Flyer-p1-727x1024.png 727w, https:\/\/bjkult.no\/wp-content\/uploads\/2025\/09\/Flyer-p1-213x300.png 213w, https:\/\/bjkult.no\/wp-content\/uploads\/2025\/09\/Flyer-p1-768x1082.png 768w, https:\/\/bjkult.no\/wp-content\/uploads\/2025\/09\/Flyer-p1-568x800.png 568w, https:\/\/bjkult.no\/wp-content\/uploads\/2025\/09\/Flyer-p1.png 825w\" sizes=\"auto, (max-width: 727px) 100vw, 727px\" \/><\/a><\/figure>\n\n\n\n<figure class=\"wp-block-image size-large\"><a href=\"https:\/\/bjkult.no\/wp-content\/uploads\/2025\/09\/Flyer-p2.png\"><img loading=\"lazy\" decoding=\"async\" width=\"727\" height=\"1024\" src=\"https:\/\/bjkult.no\/wp-content\/uploads\/2025\/09\/Flyer-p2-727x1024.png\" alt=\"\" class=\"wp-image-663\" srcset=\"https:\/\/bjkult.no\/wp-content\/uploads\/2025\/09\/Flyer-p2-727x1024.png 727w, https:\/\/bjkult.no\/wp-content\/uploads\/2025\/09\/Flyer-p2-213x300.png 213w, https:\/\/bjkult.no\/wp-content\/uploads\/2025\/09\/Flyer-p2-768x1082.png 768w, https:\/\/bjkult.no\/wp-content\/uploads\/2025\/09\/Flyer-p2-568x800.png 568w, https:\/\/bjkult.no\/wp-content\/uploads\/2025\/09\/Flyer-p2.png 825w\" sizes=\"auto, (max-width: 727px) 100vw, 727px\" \/><\/a><\/figure>\n\n\n\n<figure class=\"wp-block-image size-large\"><a href=\"https:\/\/bjkult.no\/wp-content\/uploads\/2025\/09\/Flyer-p3.png\"><img loading=\"lazy\" decoding=\"async\" width=\"726\" height=\"1024\" src=\"https:\/\/bjkult.no\/wp-content\/uploads\/2025\/09\/Flyer-p3-726x1024.png\" alt=\"\" class=\"wp-image-662\" srcset=\"https:\/\/bjkult.no\/wp-content\/uploads\/2025\/09\/Flyer-p3-726x1024.png 726w, https:\/\/bjkult.no\/wp-content\/uploads\/2025\/09\/Flyer-p3-213x300.png 213w, https:\/\/bjkult.no\/wp-content\/uploads\/2025\/09\/Flyer-p3-768x1083.png 768w, https:\/\/bjkult.no\/wp-content\/uploads\/2025\/09\/Flyer-p3-567x800.png 567w, https:\/\/bjkult.no\/wp-content\/uploads\/2025\/09\/Flyer-p3.png 826w\" sizes=\"auto, (max-width: 726px) 100vw, 726px\" \/><\/a><\/figure>\n\n\n\n<figure class=\"wp-block-image size-large\"><a href=\"https:\/\/bjkult.no\/wp-content\/uploads\/2025\/09\/Flyer-p4.png\"><img loading=\"lazy\" decoding=\"async\" width=\"726\" height=\"1024\" src=\"https:\/\/bjkult.no\/wp-content\/uploads\/2025\/09\/Flyer-p4-726x1024.png\" alt=\"\" class=\"wp-image-665\" srcset=\"https:\/\/bjkult.no\/wp-content\/uploads\/2025\/09\/Flyer-p4-726x1024.png 726w, https:\/\/bjkult.no\/wp-content\/uploads\/2025\/09\/Flyer-p4-213x300.png 213w, https:\/\/bjkult.no\/wp-content\/uploads\/2025\/09\/Flyer-p4-768x1084.png 768w, https:\/\/bjkult.no\/wp-content\/uploads\/2025\/09\/Flyer-p4-567x800.png 567w, https:\/\/bjkult.no\/wp-content\/uploads\/2025\/09\/Flyer-p4.png 825w\" sizes=\"auto, (max-width: 726px) 100vw, 726px\" \/><\/a><\/figure>\n\n\n\n<h3 class=\"wp-block-heading\">Her er videoer fra tidligere arrangementer:<br><iframe loading=\"lazy\" src=\"https:\/\/player.vimeo.com\/video\/405447225\" width=\"770\" height=\"433\" frameborder=\"0\" allowfullscreen=\"allowfullscreen\">&amp;amp;amp;lt;\/h3><\/iframe><\/h3>\n\n\n\n<p><!-- 2018 --><br><iframe loading=\"lazy\" src=\"https:\/\/player.vimeo.com\/video\/403342592\" width=\"770\" height=\"433\" frameborder=\"0\" allowfullscreen=\"allowfullscreen\"><\/iframe><\/p>\n\n\n\n<p><!-- 2017 --><br><iframe loading=\"lazy\" src=\"https:\/\/player.vimeo.com\/video\/237768568\" width=\"770\" height=\"433\" frameborder=\"0\" allowfullscreen=\"allowfullscreen\"><\/iframe><\/p>\n\n\n\n<p><!-- 2016 TVR --><br><iframe loading=\"lazy\" src=\"https:\/\/www.youtube.com\/embed\/OCW_TnQ3uf4\" width=\"770\" height=\"433\" frameborder=\"0\" allowfullscreen=\"allowfullscreen\"><\/iframe><\/p>\n\n\n\n<p><!-- 2016 --><br><iframe loading=\"lazy\" src=\"https:\/\/player.vimeo.com\/video\/185696885\" width=\"770\" height=\"433\" frameborder=\"0\" allowfullscreen=\"allowfullscreen\"><\/iframe><\/p>\n\n\n\n<p><!-- 2015 --><br><iframe loading=\"lazy\" src=\"https:\/\/player.vimeo.com\/video\/154897970\" width=\"770\" height=\"433\" frameborder=\"0\" allowfullscreen=\"allowfullscreen\"><\/iframe><\/p>\n\n\n\n<p><!-- 2014 --><br><iframe loading=\"lazy\" src=\"https:\/\/player.vimeo.com\/video\/112002384\" width=\"770\" height=\"433\" frameborder=\"0\" allowfullscreen=\"allowfullscreen\"><\/iframe><\/p>\n\n\n\n<p><!-- 2013 --><br><iframe loading=\"lazy\" src=\"https:\/\/player.vimeo.com\/video\/79625340\" width=\"770\" height=\"433\" frameborder=\"0\" allowfullscreen=\"allowfullscreen\"><\/iframe><\/p>\n\n\n\n<p><!-- 2012 --><br><iframe loading=\"lazy\" src=\"https:\/\/player.vimeo.com\/video\/52158100\" width=\"770\" height=\"433\" frameborder=\"0\" allowfullscreen=\"allowfullscreen\"><\/iframe><\/p>\n\n\n\n<p><!-- 2011 --><br><iframe loading=\"lazy\" src=\"https:\/\/player.vimeo.com\/video\/30264503\" width=\"770\" height=\"433\" frameborder=\"0\" allowfullscreen=\"allowfullscreen\"><\/iframe><\/p>\n\n\n\n<p><!-- 2010 --><br><iframe loading=\"lazy\" src=\"https:\/\/player.vimeo.com\/video\/79864965\" width=\"770\" height=\"433\" frameborder=\"0\" allowfullscreen=\"allowfullscreen\"><\/iframe><\/p>\n","protected":false},"excerpt":{"rendered":"<p>H\u00f8sten er her, og det er tid for Bj\u00f8rkmyrmartna&#8217;n! Sett av helgen 18. og 19. oktober! Vi inviterer til den tradisjonsrike martna&#8217;n med husflid, lokalmat, aktiviteter, levende musikk og kaf\u00e9 med p\u00e5smurt og hjemmebakst i lange baner. Her er \u00e5rets &hellip; <a href=\"https:\/\/bjkult.no\/?page_id=8\">Continue reading <span class=\"meta-nav\">&rarr;<\/span><\/a><\/p>\n","protected":false},"author":1,"featured_media":0,"parent":0,"menu_order":0,"comment_status":"open","ping_status":"open","template":"full-width-page.php","meta":{"footnotes":""},"class_list":["post-8","page","type-page","status-publish","hentry"],"_links":{"self":[{"href":"https:\/\/bjkult.no\/index.php?rest_route=\/wp\/v2\/pages\/8","targetHints":{"allow":["GET"]}}],"collection":[{"href":"https:\/\/bjkult.no\/index.php?rest_route=\/wp\/v2\/pages"}],"about":[{"href":"https:\/\/bjkult.no\/index.php?rest_route=\/wp\/v2\/types\/page"}],"author":[{"embeddable":true,"href":"https:\/\/bjkult.no\/index.php?rest_route=\/wp\/v2\/users\/1"}],"replies":[{"embeddable":true,"href":"https:\/\/bjkult.no\/index.php?rest_route=%2Fwp%2Fv2%2Fcomments&post=8"}],"version-history":[{"count":54,"href":"https:\/\/bjkult.no\/index.php?rest_route=\/wp\/v2\/pages\/8\/revisions"}],"predecessor-version":[{"id":667,"href":"https:\/\/bjkult.no\/index.php?rest_route=\/wp\/v2\/pages\/8\/revisions\/667"}],"wp:attachment":[{"href":"https:\/\/bjkult.no\/index.php?rest_route=%2Fwp%2Fv2%2Fmedia&parent=8"}],"curies":[{"name":"wp","href":"https:\/\/api.w.org\/{rel}","templated":true}]}}